{"id":56898,"date":"2022-07-13T06:06:44","date_gmt":"2022-07-13T04:06:44","guid":{"rendered":"https:\/\/therockinparadise.com\/?page_id=56898"},"modified":"2023-07-15T20:00:55","modified_gmt":"2023-07-15T18:00:55","slug":"acceso-completo-a-la-pagina-full-access-to-the-page","status":"publish","type":"page","link":"https:\/\/therockinparadise.com\/index.php\/acceso-completo-a-la-pagina-full-access-to-the-page\/","title":{"rendered":"ACCESO COMPLETO A LA PAGINA \/ FULL ACCESS TO THE PAGE"},"content":{"rendered":"\t\t<div data-elementor-type=\"wp-page\" data-elementor-id=\"56898\" class=\"elementor elementor-56898\" data-elementor-settings=\"{&quot;ha_cmc_init_switcher&quot;:&quot;no&quot;}\" data-elementor-post-type=\"page\">\n\t\t\t\t\t\t<section class=\"elementor-section elementor-top-section elementor-element elementor-element-3339c8c elementor-section-boxed elementor-section-height-default elementor-section-height-default wpr-particle-no wpr-jarallax-no wpr-parallax-no wpr-sticky-section-no wpr-equal-height-no\" data-id=\"3339c8c\" data-element_type=\"section\" data-e-type=\"section\" data-settings=\"{&quot;_ha_eqh_enable&quot;:false}\">\n\t\t\t\t\t\t<div class=\"elementor-container elementor-column-gap-default\">\n\t\t\t\t\t<div class=\"elementor-column elementor-col-100 elementor-top-column elementor-element elementor-element-32c8059\" data-id=\"32c8059\" data-element_type=\"column\" data-e-type=\"column\">\n\t\t\t<div class=\"elementor-widget-wrap elementor-element-populated\">\n\t\t\t\t\t\t<section class=\"elementor-section elementor-inner-section elementor-element elementor-element-5c8cf31 elementor-section-boxed elementor-section-height-default elementor-section-height-default wpr-particle-no wpr-jarallax-no wpr-parallax-no wpr-sticky-section-no wpr-equal-height-no\" data-id=\"5c8cf31\" data-element_type=\"section\" data-e-type=\"section\" data-settings=\"{&quot;_ha_eqh_enable&quot;:false}\">\n\t\t\t\t\t\t<div class=\"elementor-container elementor-column-gap-default\">\n\t\t\t\t\t<div class=\"elementor-column elementor-col-50 elementor-inner-column elementor-element elementor-element-2742ffa\" data-id=\"2742ffa\" data-element_type=\"column\" data-e-type=\"column\">\n\t\t\t<div class=\"elementor-widget-wrap elementor-element-populated\">\n\t\t\t\t\t\t<div class=\"elementor-element elementor-element-305af72 elementor-widget elementor-widget-text-editor\" data-id=\"305af72\" data-element_type=\"widget\" data-e-type=\"widget\" data-widget_type=\"text-editor.default\">\n\t\t\t\t<div class=\"elementor-widget-container\">\n\t\t\t\t\t\t\t\t\t<p><span style=\"color: #ffffff;\">Bienvenidos a The Rockin&#8217; Paradise.<\/span><\/p><p><span style=\"color: #ffffff;\">Para poder acceder con totalidad al contenido de la pagina se requieren 10 \u20ac al a\u00f1o basicamente para poder mantener el servidor en donde est\u00e1 alojada la pagina.<\/span><\/p><p><span style=\"color: #ffffff;\">Dicho pago se puede realizar via Paypal a trav\u00e9s del boton al final de este texto.<\/span><\/p><p><span style=\"color: #ffffff;\">Todos los archivos est\u00e1n alojados en Terabox, por lo que para poder acceder a ellos debereis crearos una cuenta.<\/span><\/p><p><span style=\"color: #ffffff;\">En todos los archivos que os pida contrase\u00f1a para acceder a ellos, la podeis encontrar al final del enlace del archivo.<\/span><\/p><p><span style=\"color: #ffffff;\"><img decoding=\"async\" class=\"aligncenter wp-image-56901 size-full\" src=\"https:\/\/therockinparadise.com\/wp-content\/uploads\/2022\/07\/Screenshot_2.jpg\" alt=\"\" width=\"418\" height=\"22\" srcset=\"https:\/\/therockinparadise.com\/wp-content\/uploads\/2022\/07\/Screenshot_2.jpg 418w, https:\/\/therockinparadise.com\/wp-content\/uploads\/2022\/07\/Screenshot_2-360x19.jpg 360w\" sizes=\"(max-width: 418px) 100vw, 418px\" \/><\/span><\/p><p><span style=\"color: #ffffff;\">Para cualquier duda podeis dejar un comentario al final de esta pagina<\/span><\/p>\t\t\t\t\t\t\t\t<\/div>\n\t\t\t\t<\/div>\n\t\t\t\t\t<\/div>\n\t\t<\/div>\n\t\t\t\t<div class=\"elementor-column elementor-col-50 elementor-inner-column elementor-element elementor-element-73912a8\" data-id=\"73912a8\" data-element_type=\"column\" data-e-type=\"column\">\n\t\t\t<div class=\"elementor-widget-wrap elementor-element-populated\">\n\t\t\t\t\t\t<div class=\"elementor-element elementor-element-0f2353b elementor-widget elementor-widget-text-editor\" data-id=\"0f2353b\" data-element_type=\"widget\" data-e-type=\"widget\" data-widget_type=\"text-editor.default\">\n\t\t\t\t<div class=\"elementor-widget-container\">\n\t\t\t\t\t\t\t\t\t<p><span style=\"color: #ffffff;\">Welcome to The Rockin&#8217; Paradise.<\/span><\/p><p><span style=\"color: #ffffff;\">In order to fully access the content of the page, \u20ac10 per year is required basically to be able to maintain the server where the page is hosted.<\/span><\/p><p><span style=\"color: #ffffff;\">Said payment can be made via Paypal through the button at the end of this text.<\/span><\/p><p><span style=\"color: #ffffff;\">All files are hosted on Terabox, so in order to access them you must create an account.<\/span><\/p><p><span style=\"color: #ffffff;\">In all the files that ask you for a password to access them, you can find it at the end of the file link.<\/span><\/p><p><span style=\"color: #ffffff;\"><img decoding=\"async\" class=\"aligncenter wp-image-56901 size-full\" src=\"https:\/\/therockinparadise.com\/wp-content\/uploads\/2022\/07\/Screenshot_2.jpg\" alt=\"\" width=\"418\" height=\"22\" srcset=\"https:\/\/therockinparadise.com\/wp-content\/uploads\/2022\/07\/Screenshot_2.jpg 418w, https:\/\/therockinparadise.com\/wp-content\/uploads\/2022\/07\/Screenshot_2-360x19.jpg 360w\" sizes=\"(max-width: 418px) 100vw, 418px\" \/><\/span><\/p><p><span style=\"color: #ffffff;\">For any questions you can leave a comment at the bottom of this page<\/span><\/p>\t\t\t\t\t\t\t\t<\/div>\n\t\t\t\t<\/div>\n\t\t\t\t\t<\/div>\n\t\t<\/div>\n\t\t\t\t\t<\/div>\n\t\t<\/section>\n\t\t\t\t\t<\/div>\n\t\t<\/div>\n\t\t\t\t\t<\/div>\n\t\t<\/section>\n\t\t\t\t<section class=\"elementor-section elementor-top-section elementor-element elementor-element-bd6c2fd elementor-section-boxed elementor-section-height-default elementor-section-height-default wpr-particle-no wpr-jarallax-no wpr-parallax-no wpr-sticky-section-no wpr-equal-height-no\" data-id=\"bd6c2fd\" data-element_type=\"section\" data-e-type=\"section\" data-settings=\"{&quot;_ha_eqh_enable&quot;:false}\">\n\t\t\t\t\t\t<div class=\"elementor-container elementor-column-gap-default\">\n\t\t\t\t\t<div class=\"elementor-column elementor-col-100 elementor-top-column elementor-element elementor-element-a89aaea\" data-id=\"a89aaea\" data-element_type=\"column\" data-e-type=\"column\">\n\t\t\t<div class=\"elementor-widget-wrap elementor-element-populated\">\n\t\t\t\t\t\t<div class=\"elementor-element elementor-element-fe2e571 elementor-align-center elementor-widget elementor-widget-paypal-button\" data-id=\"fe2e571\" data-element_type=\"widget\" data-e-type=\"widget\" data-settings=\"{&quot;merchant_account&quot;:&quot;simple&quot;}\" data-widget_type=\"paypal-button.default\">\n\t\t\t\t<div class=\"elementor-widget-container\">\n\t\t\t\t\t\t\t\t\t<div class=\"elementor-button-wrapper\">\n\t\t\t\t\t\t\t<form action=\"https:\/\/www.paypal.com\/cgi-bin\/webscr\" method=\"post\" target=\"_blank\">\n\t\t\t<input type=\"hidden\" name=\"cmd\" value=\"_donations\" \/>\n\t\t\t<input type=\"hidden\" name=\"business\" value=\"ricardopalmanova@gmail.com\" \/>\n\t\t\t<input type=\"hidden\" name=\"lc\" value=\"US\" \/>\n\t\t\t<input type=\"hidden\" name=\"item_name\" value=\"\" \/>\n\t\t\t<input type=\"hidden\" name=\"item_number\" value=\"\" \/>\n\t\t\t<input type=\"hidden\" name=\"currency_code\" value=\"EUR\" \/>\n\t\t\t<input type=\"hidden\" name=\"amount\" value=\"10\" \/>\n\t\t\t<input type=\"hidden\" name=\"no_note\" value=\"1\">\n\n\t\t\t\t\t<button class=\"elementor-button elementor-size-sm elementor-paypal-legacy elementor-payment-button\" role=\"button\" type=\"submit\">\n\t\t\t\t\t<span class=\"elementor-button-content-wrapper\">\n\t\t\t\t\t\t<span class=\"elementor-button-icon\">\n\t\t\t\t<i aria-hidden=\"true\" class=\"fab fa-paypal\"><\/i>\t\t\t<\/span>\n\t\t\t\t\t\t\t\t\t<span class=\"elementor-button-text\">Donate<\/span>\n\t\t\t\t\t<\/span>\n\t\t\t\t<\/button>\n\t\t\t\t<\/form>\n\t\t\t\t\t\t<\/div>\n\t\t\t\t\t\t\t\t<\/div>\n\t\t\t\t<\/div>\n\t\t\t\t\t<\/div>\n\t\t<\/div>\n\t\t\t\t\t<\/div>\n\t\t<\/section>\n\t\t\t\t<section class=\"elementor-section elementor-top-section elementor-element elementor-element-0e3f228 elementor-section-boxed elementor-section-height-default elementor-section-height-default wpr-particle-no wpr-jarallax-no wpr-parallax-no wpr-sticky-section-no wpr-equal-height-no\" data-id=\"0e3f228\" data-element_type=\"section\" data-e-type=\"section\" data-settings=\"{&quot;_ha_eqh_enable&quot;:false}\">\n\t\t\t\t\t\t<div class=\"elementor-container elementor-column-gap-default\">\n\t\t\t\t\t<div class=\"elementor-column elementor-col-100 elementor-top-column elementor-element elementor-element-8936744\" data-id=\"8936744\" data-element_type=\"column\" data-e-type=\"column\">\n\t\t\t<div class=\"elementor-widget-wrap elementor-element-populated\">\n\t\t\t\t\t\t<div class=\"elementor-element elementor-element-13af55c elementor-widget elementor-widget-heading\" data-id=\"13af55c\" data-element_type=\"widget\" data-e-type=\"widget\" data-widget_type=\"heading.default\">\n\t\t\t\t<div class=\"elementor-widget-container\">\n\t\t\t\t\t<h2 class=\"elementor-heading-title elementor-size-default\">NOTA DEL AUTOR \/ AUTHOR'S NOTE<\/h2>\t\t\t\t<\/div>\n\t\t\t\t<\/div>\n\t\t\t\t\t<\/div>\n\t\t<\/div>\n\t\t\t\t\t<\/div>\n\t\t<\/section>\n\t\t\t\t<section class=\"elementor-section elementor-top-section elementor-element elementor-element-dd1fbbf elementor-section-boxed elementor-section-height-default elementor-section-height-default wpr-particle-no wpr-jarallax-no wpr-parallax-no wpr-sticky-section-no wpr-equal-height-no\" data-id=\"dd1fbbf\" data-element_type=\"section\" data-e-type=\"section\" data-settings=\"{&quot;_ha_eqh_enable&quot;:false}\">\n\t\t\t\t\t\t<div class=\"elementor-container elementor-column-gap-default\">\n\t\t\t\t\t<div class=\"elementor-column elementor-col-100 elementor-top-column elementor-element elementor-element-e6ca5b1\" data-id=\"e6ca5b1\" data-element_type=\"column\" data-e-type=\"column\">\n\t\t\t<div class=\"elementor-widget-wrap elementor-element-populated\">\n\t\t\t\t\t\t<section class=\"elementor-section elementor-inner-section elementor-element elementor-element-440b68e elementor-section-boxed elementor-section-height-default elementor-section-height-default wpr-particle-no wpr-jarallax-no wpr-parallax-no wpr-sticky-section-no wpr-equal-height-no\" data-id=\"440b68e\" data-element_type=\"section\" data-e-type=\"section\" data-settings=\"{&quot;_ha_eqh_enable&quot;:false}\">\n\t\t\t\t\t\t<div class=\"elementor-container elementor-column-gap-default\">\n\t\t\t\t\t<div class=\"elementor-column elementor-col-50 elementor-inner-column elementor-element elementor-element-ca424f3\" data-id=\"ca424f3\" data-element_type=\"column\" data-e-type=\"column\">\n\t\t\t<div class=\"elementor-widget-wrap elementor-element-populated\">\n\t\t\t\t\t\t<div class=\"elementor-element elementor-element-ffb360c elementor-widget elementor-widget-text-editor\" data-id=\"ffb360c\" data-element_type=\"widget\" data-e-type=\"widget\" data-widget_type=\"text-editor.default\">\n\t\t\t\t<div class=\"elementor-widget-container\">\n\t\t\t\t\t\t\t\t\t<p><span style=\"color: #ffffff;\">Para el que le pueda interesar.<br \/><\/span><\/p><p><span style=\"color: #ffffff;\">Hace mas de 15 a\u00f1os que abr\u00ed mi primera pagina con la misma tematica. Durante esos a\u00f1os he puesto a disposici\u00f3n de todo el mundo que las visitaba cantidad de discos aun a sabiendas lo dificil que es y que sigue siendo mantener algo como esto a flote.<\/span><\/p><p><span style=\"color: #ffffff;\">He visto pasar miles de usuarios por todas las webs que he tenido y la mayoria de ellos han entrado, descargado y no han dejado un minimo comentario.<\/span><\/p><p><span style=\"color: #ffffff;\">Otros se han pasado a\u00f1os pidiendo y pidiendo material que a la larga simplemente han sido interesados que cuando se les ha pedido algo de colaboraci\u00f3n han desaparecido, y encima ofendidos por no disponer del material de la manera que a ellos les ha venido en gana.<\/span><\/p><p><span style=\"color: #ffffff;\">Decid\u00ed en su momento solicitar una donaci\u00f3n ridicula para poder acarrear con los gastos del servidor, del dominio y de otros como plugins de pago para el buen funcionamiento de la pagina, con ello se ha logrado que la p\u00e1gina pueda seguir en linea un a\u00f1o m\u00e1s y tambien alejar a buitres, lammers y otras especies que lo unico que hacian es restar y que cuando han tenido que arrimar el hombro, no han estado por la labor.<\/span><\/p><p><span style=\"color: #ffffff;\">Como podeis ver esto no es el tipico blog de mierda de google como los que hay por la red los cuales se limitan a poner una portada, un enlace de descarga de unos discos que ni tan siquiera se han molestado en hacer un poco de edici\u00f3n en los mismos para que por lo menos se supiera el titulo de las canciones de los discos descargados.<\/span><\/p><p><span style=\"color: #ffffff;\">Detr\u00e1s de esta pagina hay mucho trabajo, cari\u00f1o y tiempo invertido como para que haya gente que se eche las manos a la cabeza por pagar 10 \u20ac al A\u00d1O!!!.<\/span><\/p><p><span style=\"color: #ffffff;\">Por supuesto nadie est\u00e1 obligado a donar esos 10 \u20ac, si les parece abusivo que se compren los putos discos o que los busquen por la web, vamos que hagan lo que les salga de los cojones,\u00a0 ya que\u00a0 no pienso cambiar de parecer al respecto.<\/span><\/p><p><span style=\"color: #ffffff;\">A fecha de hoy estoy seguro que es la unica pagina en la cual todos los enlaces est\u00e1n vivos y trabajar\u00e9 para que esto siga as\u00ed.<\/span><\/p><p><span style=\"color: #ffffff;\">Salud!!<\/span><\/p>\t\t\t\t\t\t\t\t<\/div>\n\t\t\t\t<\/div>\n\t\t\t\t\t<\/div>\n\t\t<\/div>\n\t\t\t\t<div class=\"elementor-column elementor-col-50 elementor-inner-column elementor-element elementor-element-9cdb021\" data-id=\"9cdb021\" data-element_type=\"column\" data-e-type=\"column\">\n\t\t\t<div class=\"elementor-widget-wrap elementor-element-populated\">\n\t\t\t\t\t\t<div class=\"elementor-element elementor-element-f4b7123 elementor-widget elementor-widget-text-editor\" data-id=\"f4b7123\" data-element_type=\"widget\" data-e-type=\"widget\" data-widget_type=\"text-editor.default\">\n\t\t\t\t<div class=\"elementor-widget-container\">\n\t\t\t\t\t\t\t\t\t<div class=\"flex flex-grow flex-col gap-3\"><div class=\"min-h-[20px] flex items-start overflow-x-auto whitespace-pre-wrap break-words flex-col gap-4\"><div class=\"markdown prose w-full break-words dark:prose-invert light\"><p><span style=\"color: #ffffff;\">For those who may be interested,<\/span><\/p><p><span style=\"color: #ffffff;\">It has been over 15 years since I opened my first website with the same theme. Throughout these years, I have made available to everyone who visited a significant number of albums, knowing well how difficult it is, and continues to be, to keep something like this afloat.<\/span><\/p><p><span style=\"color: #ffffff;\">I have seen thousands of users come and go through all the websites I&#8217;ve had, and most of them have entered, downloaded, and not left a single comment.<\/span><\/p><p><span style=\"color: #ffffff;\">Others have spent years asking and requesting materials that, in the end, have simply been selfish individuals who disappeared when asked for some collaboration, and even felt offended for not having the material available exactly the way they wanted it.<\/span><\/p><p><span style=\"color: #ffffff;\">At one point, I decided to ask for a ridiculous donation to cover the server expenses, domain costs, and other paid plugins necessary for the proper functioning of the website. This has allowed the website to stay online for another year and also kept away vultures, leechers, and other species that only subtracted value and were nowhere to be found when they had to lend a hand.<\/span><\/p><p><span style=\"color: #ffffff;\">As you can see, this is not your typical crappy blog from Google like the ones you find all over the internet, which only have a cover page and a download link for some albums that they haven&#8217;t even bothered to edit, so you wouldn&#8217;t even know the titles of the songs in the downloaded albums.<\/span><\/p><p><span style=\"color: #ffffff;\">There is a lot of work, love, and time invested behind this website for people to gasp at the idea of paying \u20ac10 A YEAR!!!<\/span><\/p><p><span style=\"color: #ffffff;\">Of course, nobody is obligated to donate those \u20ac10. If they find it excessive, they can go ahead and buy the damn albums or search for them on the web, do whatever the hell they want, because I&#8217;m not going to change my mind about it.<\/span><\/p><p><span style=\"color: #ffffff;\">As of today, I&#8217;m confident that this is the only website where all the links are active, and I will work to keep it that way.<\/span><\/p><p><span style=\"color: #ffffff;\">Cheers!<\/span><\/p><\/div><\/div><\/div>\t\t\t\t\t\t\t\t<\/div>\n\t\t\t\t<\/div>\n\t\t\t\t\t<\/div>\n\t\t<\/div>\n\t\t\t\t\t<\/div>\n\t\t<\/section>\n\t\t\t\t\t<\/div>\n\t\t<\/div>\n\t\t\t\t\t<\/div>\n\t\t<\/section>\n\t\t\t\t<\/div>\n\t\t","protected":false},"excerpt":{"rendered":"<p>Bienvenidos a The Rockin&#8217; Paradise. Para poder acceder con totalidad al contenido de la pagina se requieren&#8230;<\/p>\n","protected":false},"author":1,"featured_media":0,"parent":0,"menu_order":0,"comment_status":"open","ping_status":"closed","template":"template-full-width-page.php","meta":{"postBodyCss":"","postBodyMargin":[],"postBodyPadding":[],"postBodyBackground":{"backgroundType":"classic","gradient":""},"footnotes":""},"class_list":["post-56898","page","type-page","status-publish","hentry"],"_links":{"self":[{"href":"https:\/\/therockinparadise.com\/index.php\/wp-json\/wp\/v2\/pages\/56898","targetHints":{"allow":["GET"]}}],"collection":[{"href":"https:\/\/therockinparadise.com\/index.php\/wp-json\/wp\/v2\/pages"}],"about":[{"href":"https:\/\/therockinparadise.com\/index.php\/wp-json\/wp\/v2\/types\/page"}],"author":[{"embeddable":true,"href":"https:\/\/therockinparadise.com\/index.php\/wp-json\/wp\/v2\/users\/1"}],"replies":[{"embeddable":true,"href":"https:\/\/therockinparadise.com\/index.php\/wp-json\/wp\/v2\/comments?post=56898"}],"version-history":[{"count":26,"href":"https:\/\/therockinparadise.com\/index.php\/wp-json\/wp\/v2\/pages\/56898\/revisions"}],"predecessor-version":[{"id":108008,"href":"https:\/\/therockinparadise.com\/index.php\/wp-json\/wp\/v2\/pages\/56898\/revisions\/108008"}],"wp:attachment":[{"href":"https:\/\/therockinparadise.com\/index.php\/wp-json\/wp\/v2\/media?parent=56898"}],"curies":[{"name":"wp","href":"https:\/\/api.w.org\/{rel}","templated":true}]}}